{"id":6,"date":"2018-05-15T11:46:53","date_gmt":"2018-05-15T11:46:53","guid":{"rendered":"https:\/\/testsite.lgsy.de\/?page_id=6"},"modified":"2024-01-11T18:46:09","modified_gmt":"2024-01-11T18:46:09","slug":"home","status":"publish","type":"page","link":"https:\/\/hefterwaldstueble.de\/","title":{"rendered":"Startseite"},"content":{"rendered":"\t\t<div data-elementor-type=\"wp-post\" data-elementor-id=\"6\" class=\"elementor elementor-6\">\n\t\t\t\t\t\t<section class=\"elementor-section elementor-top-section elementor-element elementor-element-c557ce3 elementor-section-boxed elementor-section-height-default elementor-section-height-default\" data-id=\"c557ce3\" data-element_type=\"section\">\n\t\t\t\t\t\t<div class=\"elementor-container elementor-column-gap-default\">\n\t\t\t\t\t<div class=\"elementor-column elementor-col-100 elementor-top-column elementor-element elementor-element-9a81db1\" data-id=\"9a81db1\" data-element_type=\"column\">\n\t\t\t<div class=\"elementor-widget-wrap elementor-element-populated\">\n\t\t\t\t\t\t<div class=\"elementor-element elementor-element-07bef95 elementor-widget-divider--view-line elementor-widget elementor-widget-divider\" data-id=\"07bef95\" data-element_type=\"widget\" data-widget_type=\"divider.default\">\n\t\t\t\t<div class=\"elementor-widget-container\">\n\t\t\t\t\t<div class=\"elementor-divider\">\n\t\t\t<span class=\"elementor-divider-separator\">\n\t\t\t\t\t\t<\/span>\n\t\t<\/div>\n\t\t\t\t<\/div>\n\t\t\t\t<\/div>\n\t\t\t\t<div class=\"elementor-element elementor-element-aae6681 elementor-widget elementor-widget-heading\" data-id=\"aae6681\" data-element_type=\"widget\" data-widget_type=\"heading.default\">\n\t\t\t\t<div class=\"elementor-widget-container\">\n\t\t\t<h1 class=\"elementor-heading-title elementor-size-large\"><span class=\"ds8\">Willkommen im Hefterwaldst\u00fcble<\/span><\/h1>\t\t<\/div>\n\t\t\t\t<\/div>\n\t\t\t\t<section class=\"elementor-section elementor-inner-section elementor-element elementor-element-686d04c elementor-section-boxed elementor-section-height-default elementor-section-height-default\" data-id=\"686d04c\" data-element_type=\"section\">\n\t\t\t\t\t\t<div class=\"elementor-container elementor-column-gap-default\">\n\t\t\t\t\t<div class=\"elementor-column elementor-col-50 elementor-inner-column elementor-element elementor-element-294d089\" data-id=\"294d089\" data-element_type=\"column\">\n\t\t\t<div class=\"elementor-widget-wrap elementor-element-populated\">\n\t\t\t\t\t\t<div class=\"elementor-element elementor-element-7641140 elementor-widget elementor-widget-image\" data-id=\"7641140\" data-element_type=\"widget\" data-widget_type=\"image.default\">\n\t\t\t\t<div class=\"elementor-widget-container\">\n\t\t\t\t\t\t\t\t\t\t\t\t\t<img fetchpriority=\"high\" decoding=\"async\" width=\"1521\" height=\"970\" src=\"https:\/\/hefterwaldstueble.de\/wp-content\/uploads\/2018\/07\/Luftbild_Sommer_Normal.jpg\" class=\"attachment-full size-full wp-image-255\" alt=\"\" srcset=\"https:\/\/hefterwaldstueble.de\/wp-content\/uploads\/2018\/07\/Luftbild_Sommer_Normal.jpg 1521w, https:\/\/hefterwaldstueble.de\/wp-content\/uploads\/2018\/07\/Luftbild_Sommer_Normal-300x191.jpg 300w, https:\/\/hefterwaldstueble.de\/wp-content\/uploads\/2018\/07\/Luftbild_Sommer_Normal-768x490.jpg 768w, https:\/\/hefterwaldstueble.de\/wp-content\/uploads\/2018\/07\/Luftbild_Sommer_Normal-1024x653.jpg 1024w\" sizes=\"(max-width: 1521px) 100vw, 1521px\" \/>\t\t\t\t\t\t\t\t\t\t\t\t\t<\/div>\n\t\t\t\t<\/div>\n\t\t\t\t\t<\/div>\n\t\t<\/div>\n\t\t\t\t<div class=\"elementor-column elementor-col-50 elementor-inner-column elementor-element elementor-element-dd3e340\" data-id=\"dd3e340\" data-element_type=\"column\">\n\t\t\t<div class=\"elementor-widget-wrap elementor-element-populated\">\n\t\t\t\t\t\t<div class=\"elementor-element elementor-element-a91b7f2 elementor-widget elementor-widget-text-editor\" data-id=\"a91b7f2\" data-element_type=\"widget\" data-widget_type=\"text-editor.default\">\n\t\t\t\t<div class=\"elementor-widget-container\">\n\t\t\t\t\t\t\t<p>Unser Gasthaus Pension besteht seit 31.12.1996, mit Sitzpl\u00e4tzen im Nichtraucherbereich f\u00fcr 36 G\u00e4ste. Zus\u00e4tzlich haben wir f\u00fcr ca 25 G\u00e4ste Platz auf unserer Gartentrasse. Es besteht im gesamten Gasthaus\/Pension Rauchverbot.<\/p>\t\t\t\t\t\t<\/div>\n\t\t\t\t<\/div>\n\t\t\t\t<div class=\"elementor-element elementor-element-90c1c2b elementor-widget elementor-widget-text-editor\" data-id=\"90c1c2b\" data-element_type=\"widget\" data-widget_type=\"text-editor.default\">\n\t\t\t\t<div class=\"elementor-widget-container\">\n\t\t\t\t\t\t\t<p><u><em><strong>\u00d6ffnungszeiten unserer Gast\u00e4tte:<\/strong><\/em><\/u><br>Wir haben Montag bis Freitag von 15:30 Uhr bis 20:00 Uhr ge\u00f6ffnet.<br>K\u00fcche von:&nbsp; 17:00 Uhr bis 19:00 Uhr.<\/p>\n<p>Samstag und Sonntag: Ruhetag<\/p>\t\t\t\t\t\t<\/div>\n\t\t\t\t<\/div>\n\t\t\t\t<div class=\"elementor-element elementor-element-6e5300d elementor-widget elementor-widget-text-editor\" data-id=\"6e5300d\" data-element_type=\"widget\" data-widget_type=\"text-editor.default\">\n\t\t\t\t<div class=\"elementor-widget-container\">\n\t\t\t\t\t\t\t\t\t\t\t\t\t<\/div>\n\t\t\t\t<\/div>\n\t\t\t\t<div class=\"elementor-element elementor-element-e50caa3 elementor-widget elementor-widget-text-editor\" data-id=\"e50caa3\" data-element_type=\"widget\" data-widget_type=\"text-editor.default\">\n\t\t\t\t<div class=\"elementor-widget-container\">\n\t\t\t\t\t\t\t<p><u><em><strong>Fr\u00fchst\u00fcckszeiten unserer Pension:<\/strong><\/em><\/u><br \/>Montag bis Freitag: 6:00 Uhr bis 8:30 Uhr.<br \/>Samstag, Sonntag und Feiertage: 8:00 Uhr bis 10:00 Uhr.<\/p>\t\t\t\t\t\t<\/div>\n\t\t\t\t<\/div>\n\t\t\t\t\t<\/div>\n\t\t<\/div>\n\t\t\t\t\t<\/div>\n\t\t<\/section>\n\t\t\t\t<div class=\"elementor-element elementor-element-7126729 elementor-widget-divider--view-line elementor-widget elementor-widget-divider\" data-id=\"7126729\" data-element_type=\"widget\" data-widget_type=\"divider.default\">\n\t\t\t\t<div class=\"elementor-widget-container\">\n\t\t\t\t\t<div class=\"elementor-divider\">\n\t\t\t<span class=\"elementor-divider-separator\">\n\t\t\t\t\t\t<\/span>\n\t\t<\/div>\n\t\t\t\t<\/div>\n\t\t\t\t<\/div>\n\t\t\t\t<div class=\"elementor-element elementor-element-92605af elementor-widget elementor-widget-spacer\" data-id=\"92605af\" data-element_type=\"widget\" data-widget_type=\"spacer.default\">\n\t\t\t\t<div class=\"elementor-widget-container\">\n\t\t\t\t\t<div class=\"elementor-spacer\">\n\t\t\t<div class=\"elementor-spacer-inner\"><\/div>\n\t\t<\/div>\n\t\t\t\t<\/div>\n\t\t\t\t<\/div>\n\t\t\t\t<div class=\"elementor-element elementor-element-2402fce elementor-widget elementor-widget-heading\" data-id=\"2402fce\" data-element_type=\"widget\" data-widget_type=\"heading.default\">\n\t\t\t\t<div class=\"elementor-widget-container\">\n\t\t\t<h4 class=\"elementor-heading-title elementor-size-default\">Auf Ihren Besuch w\u00fcrden wir uns freuen!<\/h4>\t\t<\/div>\n\t\t\t\t<\/div>\n\t\t\t\t<div class=\"elementor-element elementor-element-308af4f elementor-widget elementor-widget-heading\" data-id=\"308af4f\" data-element_type=\"widget\" data-widget_type=\"heading.default\">\n\t\t\t\t<div class=\"elementor-widget-container\">\n\t\t\t<h4 class=\"elementor-heading-title elementor-size-default\">Inhaber J. Dreger<\/h4>\t\t<\/div>\n\t\t\t\t<\/div>\n\t\t\t\t\t<\/div>\n\t\t<\/div>\n\t\t\t\t\t<\/div>\n\t\t<\/section>\n\t\t\t\t<section class=\"elementor-section elementor-top-section elementor-element elementor-element-e5ff8b1 elementor-section-boxed elementor-section-height-default elementor-section-height-default\" data-id=\"e5ff8b1\" data-element_type=\"section\">\n\t\t\t\t\t\t<div class=\"elementor-container elementor-column-gap-default\">\n\t\t\t\t\t<div class=\"elementor-column elementor-col-100 elementor-top-column elementor-element elementor-element-176cdea\" data-id=\"176cdea\" data-element_type=\"column\">\n\t\t\t<div class=\"elementor-widget-wrap elementor-element-populated\">\n\t\t\t\t\t\t<section class=\"elementor-section elementor-inner-section elementor-element elementor-element-b9c93a1 elementor-section-boxed elementor-section-height-default elementor-section-height-default\" data-id=\"b9c93a1\" data-element_type=\"section\">\n\t\t\t\t\t\t<div class=\"elementor-container elementor-column-gap-default\">\n\t\t\t\t\t<div class=\"elementor-column elementor-col-50 elementor-inner-column elementor-element elementor-element-b09642b\" data-id=\"b09642b\" data-element_type=\"column\">\n\t\t\t<div class=\"elementor-widget-wrap elementor-element-populated\">\n\t\t\t\t\t\t\t<\/div>\n\t\t<\/div>\n\t\t\t\t<div class=\"elementor-column elementor-col-50 elementor-inner-column elementor-element elementor-element-d0620e2\" data-id=\"d0620e2\" data-element_type=\"column\">\n\t\t\t<div class=\"elementor-widget-wrap\">\n\t\t\t\t\t\t\t<\/div>\n\t\t<\/div>\n\t\t\t\t\t<\/div>\n\t\t<\/section>\n\t\t\t\t\t<\/div>\n\t\t<\/div>\n\t\t\t\t\t<\/div>\n\t\t<\/section>\n\t\t\t\t<\/div>\n\t\t","protected":false},"excerpt":{"rendered":"<p>Willkommen im Hefterwaldst\u00fcble Unser Gasthaus Pension besteht seit 31.12.1996, mit Sitzpl\u00e4tzen im Nichtraucherbereich f\u00fcr 36 G\u00e4ste. Zus\u00e4tzlich haben wir f\u00fcr ca 25 G\u00e4ste Platz auf unserer Gartentrasse. Es besteht im gesamten Gasthaus\/Pension Rauchverbot. \u00d6ffnungszeiten unserer Gast\u00e4tte:Wir haben Montag bis Freitag von 15:30 Uhr bis 20:00 Uhr ge\u00f6ffnet.K\u00fcche von:&nbsp; 17:00 Uhr bis 19:00 Uhr. Samstag und [&hellip;]<\/p>\n","protected":false},"author":1,"featured_media":0,"parent":0,"menu_order":0,"comment_status":"closed","ping_status":"closed","template":"","meta":{"footnotes":""},"_links":{"self":[{"href":"https:\/\/hefterwaldstueble.de\/index.php?rest_route=\/wp\/v2\/pages\/6"}],"collection":[{"href":"https:\/\/hefterwaldstueble.de\/index.php?rest_route=\/wp\/v2\/pages"}],"about":[{"href":"https:\/\/hefterwaldstueble.de\/index.php?rest_route=\/wp\/v2\/types\/page"}],"author":[{"embeddable":true,"href":"https:\/\/hefterwaldstueble.de\/index.php?rest_route=\/wp\/v2\/users\/1"}],"replies":[{"embeddable":true,"href":"https:\/\/hefterwaldstueble.de\/index.php?rest_route=%2Fwp%2Fv2%2Fcomments&post=6"}],"version-history":[{"count":57,"href":"https:\/\/hefterwaldstueble.de\/index.php?rest_route=\/wp\/v2\/pages\/6\/revisions"}],"predecessor-version":[{"id":439,"href":"https:\/\/hefterwaldstueble.de\/index.php?rest_route=\/wp\/v2\/pages\/6\/revisions\/439"}],"wp:attachment":[{"href":"https:\/\/hefterwaldstueble.de\/index.php?rest_route=%2Fwp%2Fv2%2Fmedia&parent=6"}],"curies":[{"name":"wp","href":"https:\/\/api.w.org\/{rel}","templated":true}]}}